{"id":181,"date":"2026-03-18T10:48:11","date_gmt":"2026-03-18T10:48:11","guid":{"rendered":"https:\/\/concabezamadriztaberna.com\/platos-elaborados\/"},"modified":"2026-03-18T10:48:16","modified_gmt":"2026-03-18T10:48:16","slug":"platos-elaborados","status":"publish","type":"page","link":"https:\/\/concabezamadriztaberna.com\/en\/platos-elaborados\/","title":{"rendered":"Platos Elaborados"},"content":{"rendered":"\t\t<div data-elementor-type=\"wp-page\" data-elementor-id=\"181\" class=\"elementor elementor-181\">\n\t\t\t\t<div class=\"elementor-element elementor-element-izrstns4 twbb_section twbb_full_h e-con-boxed e-flex e-con e-parent\" data-id=\"izrstns4\" data-element_type=\"container\" id=\"hero-section-of-the-page-for-service-elaborate-dishes\" data-settings=\"{&quot;background_background&quot;:&quot;classic&quot;,&quot;background_motion_fx_motion_fx_scrolling&quot;:&quot;yes&quot;,&quot;background_motion_fx_scale_effect&quot;:&quot;yes&quot;,&quot;background_motion_fx_scale_speed&quot;:{&quot;unit&quot;:&quot;px&quot;,&quot;size&quot;:7,&quot;sizes&quot;:[]},&quot;background_motion_fx_scale_direction&quot;:&quot;out-in&quot;,&quot;background_motion_fx_scale_range&quot;:{&quot;unit&quot;:&quot;%&quot;,&quot;size&quot;:&quot;&quot;,&quot;sizes&quot;:{&quot;start&quot;:20,&quot;end&quot;:80}},&quot;background_motion_fx_devices&quot;:[&quot;desktop&quot;,&quot;tablet&quot;,&quot;mobile&quot;]}\">\n\t\t\t\t\t<div class=\"e-con-inner\">\n\t\t\t\t<div class=\"elementor-element elementor-element-3xl66510 elementor-widget__width-initial elementor-widget-mobile__width-inherit elementor-widget-tablet__width-initial twbb-headline--style-highlight elementor-widget elementor-widget-twbbanimated-headline\" data-id=\"3xl66510\" data-element_type=\"widget\" data-settings=\"{&quot;highlighted_text&quot;:&quot;Selecci\\u00f3n de Platos Elaborados&quot;,&quot;marker&quot;:&quot;underline_zigzag&quot;,&quot;headline_style&quot;:&quot;highlight&quot;}\" data-widget_type=\"twbbanimated-headline.default\">\n\t\t\t\t<div class=\"elementor-widget-container\">\n\t\t\t\t\t    <h1 class=\"twbb-headline\">\n          <span class=\"twbb-headline-plain-text twbb-headline-text-wrapper\">Saboree nuestra <\/span>\n        <span class=\"twbb-headline-dynamic-wrapper twbb-headline-text-wrapper\"><\/span>\n          <span class=\"twbb-headline-plain-text twbb-headline-text-wrapper\"> Selecci\u00f3n<\/span>\n        <\/h1>\n    \t\t\t\t<\/div>\n\t\t\t\t<\/div>\n\t\t\t\t<div class=\"elementor-element elementor-element-39qgr20q elementor-widget__width-initial elementor-widget-mobile__width-inherit elementor-widget-tablet__width-initial elementor-invisible elementor-widget elementor-widget-text-editor\" data-id=\"39qgr20q\" data-element_type=\"widget\" data-settings=\"{&quot;_animation&quot;:&quot;fadeInUp&quot;}\" data-widget_type=\"text-editor.default\">\n\t\t\t\t\t\t\t\t\tDescubra los platos cuidadosamente preparados de ConCabezaTavern, elaborados con los mejores ingredientes y recetas tradicionales. Disfrute de una experiencia culinaria \u00fanica que combina sabores aut\u00e9nticos con un toque moderno. Perfectos para comer aqu\u00ed o para llevar, nuestros platos son un verdadero sabor de Madrid.\t\t\t\t\t\t\t\t<\/div>\n\t\t<div class=\"elementor-element elementor-element-scvbnzrk e-con-full e-flex e-con e-parent\" data-id=\"scvbnzrk\" data-element_type=\"container\">\n\t\t\t\t<div class=\"elementor-element elementor-element-hsduw5wn elementor-align-right elementor-mobile-align-center elementor-widget elementor-widget-button\" data-id=\"hsduw5wn\" data-element_type=\"widget\" data-widget_type=\"button.default\">\n\t\t\t\t\t\t\t\t\t\t<a class=\"elementor-button elementor-button-link elementor-size-sm\" href=\"https:\/\/concabezamadriztaberna.com\/carta\/\/\">\n\t\t\t\t\t\t<span class=\"elementor-button-content-wrapper\">\n\t\t\t\t\t\t\t\t\t<span class=\"elementor-button-text\">Ver Men\u00fa<\/span>\n\t\t\t\t\t<\/span>\n\t\t\t\t\t<\/a>\n\t\t\t\t\t\t\t\t<\/div>\n\t\t\t\t<div class=\"elementor-element elementor-element-nyqbl2ox elementor-align-left elementor-mobile-align-center elementor-widget elementor-widget-button\" data-id=\"nyqbl2ox\" data-element_type=\"widget\" data-widget_type=\"button.default\">\n\t\t\t\t\t\t\t\t\t\t<a class=\"elementor-button elementor-button-link elementor-size-sm\" href=\"https:\/\/concabezamadriztaberna.com\/sobre-nosotros\/\/\">\n\t\t\t\t\t\t<span class=\"elementor-button-content-wrapper\">\n\t\t\t\t\t\t\t\t\t<span class=\"elementor-button-text\">Nuestra Historia<\/span>\n\t\t\t\t\t<\/span>\n\t\t\t\t\t<\/a>\n\t\t\t\t\t\t\t\t<\/div>\n\t\t\t\t<\/div>\n\t\t\t\t\t<\/div>\n\t\t\t\t<\/div>\n\t\t<div class=\"elementor-element elementor-element-ramwm3jj twbb_section e-con-boxed e-flex e-con e-parent\" data-id=\"ramwm3jj\" data-element_type=\"container\" id=\"details-section-of-the-page-for-service-elaborate-dishes\">\n\t\t\t\t\t<div class=\"e-con-inner\">\n\t\t<div class=\"elementor-element elementor-element-18x4qe3b e-con-full e-flex e-con e-parent\" data-id=\"18x4qe3b\" data-element_type=\"container\">\n\t\t\t\t<div class=\"elementor-element elementor-element-yuvb6cc9 elementor-widget__width-initial elementor-widget-mobile__width-inherit elementor-widget-tablet__width-initial elementor-invisible elementor-widget elementor-widget-heading\" data-id=\"yuvb6cc9\" data-element_type=\"widget\" data-settings=\"{&quot;_animation&quot;:&quot;fadeInUp&quot;}\" data-widget_type=\"heading.default\">\n\t\t\t\t\t<h2 class=\"elementor-heading-title elementor-size-default\">\u00bfPor Qu\u00e9 Elegir Nuestros Platos Elaborados?<\/h2>\t\t\t\t<\/div>\n\t\t\t\t<div class=\"elementor-element elementor-element-m4xqcyea elementor-widget__width-initial elementor-widget-mobile__width-inherit elementor-widget-tablet__width-initial elementor-invisible elementor-widget elementor-widget-text-editor\" data-id=\"m4xqcyea\" data-element_type=\"widget\" data-settings=\"{&quot;_animation&quot;:&quot;fadeInUp&quot;}\" data-widget_type=\"text-editor.default\">\n\t\t\t\t\t\t\t\t\tDescubra la calidad excepcional y los sabores aut\u00e9nticos de nuestros platos cuidadosamente elaborados, hechos con los mejores ingredientes. Experimente un ambiente c\u00e1lido y acogedor que realza cada bocado, asegurando una experiencia gastron\u00f3mica memorable que refleja nuestra pasi\u00f3n culinaria.\t\t\t\t\t\t\t\t<\/div>\n\t\t<div class=\"elementor-element elementor-element-swwawmls e-con-full e-flex e-con e-parent\" data-id=\"swwawmls\" data-element_type=\"container\">\n\t\t<div class=\"elementor-element elementor-element-4f9opak0 e-con-full e-flex e-con e-parent\" data-id=\"4f9opak0\" data-element_type=\"container\">\n\t\t\t\t<div class=\"elementor-element elementor-element-jw5c8znk elementor-widget__width-auto elementor-widget-mobile__width-auto elementor-widget-tablet__width-initial elementor-widget elementor-widget-counter\" data-id=\"jw5c8znk\" data-element_type=\"widget\" data-widget_type=\"counter.default\">\n\t\t\t\t\t\t\t<div class=\"elementor-counter\">\n\t\t\t<div class=\"elementor-counter-title\">platos servidos<\/div>\t\t\t<div class=\"elementor-counter-number-wrapper\">\n\t\t\t\t<span class=\"elementor-counter-number-prefix\"><\/span>\n\t\t\t\t<span class=\"elementor-counter-number\" data-duration=\"2000\" data-to-value=\"150\" data-from-value=\"0\">0<\/span>\n\t\t\t\t<span class=\"elementor-counter-number-suffix\"> \u20ac<\/span>\n\t\t\t<\/div>\n\t\t<\/div>\n\t\t\t\t\t\t<\/div>\n\t\t\t\t<\/div>\n\t\t<div class=\"elementor-element elementor-element-condhubb e-con-full e-flex e-con e-parent\" data-id=\"condhubb\" data-element_type=\"container\">\n\t\t\t\t<div class=\"elementor-element elementor-element-qcffhdrn elementor-widget__width-auto elementor-widget-mobile__width-auto elementor-widget-tablet__width-initial elementor-widget elementor-widget-counter\" data-id=\"qcffhdrn\" data-element_type=\"widget\" data-widget_type=\"counter.default\">\n\t\t\t\t\t\t\t<div class=\"elementor-counter\">\n\t\t\t<div class=\"elementor-counter-title\">platos deliciosos<\/div>\t\t\t<div class=\"elementor-counter-number-wrapper\">\n\t\t\t\t<span class=\"elementor-counter-number-prefix\"><\/span>\n\t\t\t\t<span class=\"elementor-counter-number\" data-duration=\"2000\" data-to-value=\"300\" data-from-value=\"0\">0<\/span>\n\t\t\t\t<span class=\"elementor-counter-number-suffix\"> \u20ac<\/span>\n\t\t\t<\/div>\n\t\t<\/div>\n\t\t\t\t\t\t<\/div>\n\t\t\t\t<\/div>\n\t\t\t\t<\/div>\n\t\t<div class=\"elementor-element elementor-element-b21hmrii e-con-full e-flex e-con e-parent\" data-id=\"b21hmrii\" data-element_type=\"container\">\n\t\t<div class=\"elementor-element elementor-element-m7gi0dde e-con-full e-flex e-con e-parent\" data-id=\"m7gi0dde\" data-element_type=\"container\">\n\t\t\t\t<div class=\"elementor-element elementor-element-6y643p3m elementor-widget__width-auto elementor-widget-mobile__width-auto elementor-widget-tablet__width-initial elementor-widget elementor-widget-counter\" data-id=\"6y643p3m\" data-element_type=\"widget\" data-widget_type=\"counter.default\">\n\t\t\t\t\t\t\t<div class=\"elementor-counter\">\n\t\t\t<div class=\"elementor-counter-title\">clientes satisfechos<\/div>\t\t\t<div class=\"elementor-counter-number-wrapper\">\n\t\t\t\t<span class=\"elementor-counter-number-prefix\"><\/span>\n\t\t\t\t<span class=\"elementor-counter-number\" data-duration=\"2000\" data-to-value=\"200\" data-from-value=\"0\">0<\/span>\n\t\t\t\t<span class=\"elementor-counter-number-suffix\"> \u20ac<\/span>\n\t\t\t<\/div>\n\t\t<\/div>\n\t\t\t\t\t\t<\/div>\n\t\t\t\t<\/div>\n\t\t<div class=\"elementor-element elementor-element-rx59ugti e-con-full e-flex e-con e-parent\" data-id=\"rx59ugti\" data-element_type=\"container\">\n\t\t\t\t<div class=\"elementor-element elementor-element-itzclfro elementor-widget__width-auto elementor-widget-mobile__width-auto elementor-widget-tablet__width-initial elementor-widget elementor-widget-counter\" data-id=\"itzclfro\" data-element_type=\"widget\" data-widget_type=\"counter.default\">\n\t\t\t\t\t\t\t<div class=\"elementor-counter\">\n\t\t\t<div class=\"elementor-counter-title\">comensales felices<\/div>\t\t\t<div class=\"elementor-counter-number-wrapper\">\n\t\t\t\t<span class=\"elementor-counter-number-prefix\"><\/span>\n\t\t\t\t<span class=\"elementor-counter-number\" data-duration=\"2000\" data-to-value=\"500\" data-from-value=\"0\">0<\/span>\n\t\t\t\t<span class=\"elementor-counter-number-suffix\"> \u20ac<\/span>\n\t\t\t<\/div>\n\t\t<\/div>\n\t\t\t\t\t\t<\/div>\n\t\t\t\t<\/div>\n\t\t\t\t<\/div>\n\t\t\t\t<\/div>\n\t\t\t\t<div class=\"elementor-element elementor-element-8n4xuhoj elementor-widget__width-initial elementor-widget-mobile__width-inherit elementor-widget-tablet__width-initial elementor-widget elementor-widget-image\" data-id=\"8n4xuhoj\" data-element_type=\"widget\" data-widget_type=\"image.default\">\n\t\t\t\t\t\t\t\t\t\t\t\t\t\t\t<img fetchpriority=\"high\" decoding=\"async\" width=\"1024\" height=\"1024\" src=\"https:\/\/concabezamadriztaberna.com\/wp-content\/uploads\/2026\/03\/tenweb_media_scbwojrt0.webp\" class=\"attachment-full size-full wp-image-143\" alt=\"\" srcset=\"https:\/\/concabezamadriztaberna.com\/wp-content\/uploads\/2026\/03\/tenweb_media_scbwojrt0.webp 1024w, https:\/\/concabezamadriztaberna.com\/wp-content\/uploads\/2026\/03\/tenweb_media_scbwojrt0-300x300.webp 300w, https:\/\/concabezamadriztaberna.com\/wp-content\/uploads\/2026\/03\/tenweb_media_scbwojrt0-150x150.webp 150w, https:\/\/concabezamadriztaberna.com\/wp-content\/uploads\/2026\/03\/tenweb_media_scbwojrt0-768x768.webp 768w, https:\/\/concabezamadriztaberna.com\/wp-content\/uploads\/2026\/03\/tenweb_media_scbwojrt0-600x600.webp 600w\" sizes=\"(max-width: 1024px) 100vw, 1024px\" \/>\t\t\t\t\t\t\t\t\t\t\t\t\t\t\t<\/div>\n\t\t\t\t\t<\/div>\n\t\t\t\t<\/div>\n\t\t\t\t<\/div>\n\t\t","protected":false},"excerpt":{"rendered":"","protected":false},"author":0,"featured_media":0,"parent":0,"menu_order":0,"comment_status":"closed","ping_status":"publish","template":"","meta":{"footnotes":""},"class_list":["post-181","page","type-page","status-publish","hentry"],"yoast_head":"<!-- This site is optimized with the Yoast SEO plugin v27.2 - https:\/\/yoast.com\/product\/yoast-seo-wordpress\/ -->\n<title>Platos Elaborados - Concabeza Madriz Taberna: Aut\u00e9ntica Cocina Espa\u00f1ola<\/title>\n<meta name=\"robots\" content=\"index, follow, max-snippet:-1, max-image-preview:large, max-video-preview:-1\" \/>\n<link rel=\"canonical\" href=\"https:\/\/concabezamadriztaberna.com\/en\/platos-elaborados\/\" \/>\n<meta property=\"og:locale\" content=\"en_GB\" \/>\n<meta property=\"og:type\" content=\"article\" \/>\n<meta property=\"og:title\" content=\"Platos Elaborados - Concabeza Madriz Taberna: Aut\u00e9ntica Cocina Espa\u00f1ola\" \/>\n<meta property=\"og:url\" content=\"https:\/\/concabezamadriztaberna.com\/en\/platos-elaborados\/\" \/>\n<meta property=\"og:site_name\" content=\"Concabeza Madriz Taberna: Aut\u00e9ntica Cocina Espa\u00f1ola\" \/>\n<meta property=\"article:modified_time\" content=\"2026-03-18T10:48:16+00:00\" \/>\n<meta name=\"twitter:card\" content=\"summary_large_image\" \/>\n<script type=\"application\/ld+json\" class=\"yoast-schema-graph\">{\"@context\":\"https:\/\/schema.org\",\"@graph\":[{\"@type\":\"WebPage\",\"@id\":\"https:\/\/concabezamadriztaberna.com\/platos-elaborados\/\",\"url\":\"https:\/\/concabezamadriztaberna.com\/platos-elaborados\/\",\"name\":\"Platos Elaborados - Concabeza Madriz Taberna: Aut\u00e9ntica Cocina Espa\u00f1ola\",\"isPartOf\":{\"@id\":\"https:\/\/concabezamadriztaberna.com\/#website\"},\"datePublished\":\"2026-03-18T10:48:11+00:00\",\"dateModified\":\"2026-03-18T10:48:16+00:00\",\"breadcrumb\":{\"@id\":\"https:\/\/concabezamadriztaberna.com\/platos-elaborados\/#breadcrumb\"},\"inLanguage\":\"en-GB\",\"potentialAction\":[{\"@type\":\"ReadAction\",\"target\":[\"https:\/\/concabezamadriztaberna.com\/platos-elaborados\/\"]}]},{\"@type\":\"BreadcrumbList\",\"@id\":\"https:\/\/concabezamadriztaberna.com\/platos-elaborados\/#breadcrumb\",\"itemListElement\":[{\"@type\":\"ListItem\",\"position\":1,\"name\":\"Portada\",\"item\":\"https:\/\/concabezamadriztaberna.com\/\"},{\"@type\":\"ListItem\",\"position\":2,\"name\":\"Platos Elaborados\"}]},{\"@type\":\"WebSite\",\"@id\":\"https:\/\/concabezamadriztaberna.com\/#website\",\"url\":\"https:\/\/concabezamadriztaberna.com\/\",\"name\":\"Concabeza Madriz Taberna: Aut\u00e9ntica Cocina Espa\u00f1ola\",\"description\":\"\",\"potentialAction\":[{\"@type\":\"SearchAction\",\"target\":{\"@type\":\"EntryPoint\",\"urlTemplate\":\"https:\/\/concabezamadriztaberna.com\/?s={search_term_string}\"},\"query-input\":{\"@type\":\"PropertyValueSpecification\",\"valueRequired\":true,\"valueName\":\"search_term_string\"}}],\"inLanguage\":\"en-GB\"}]}<\/script>\n<!-- \/ Yoast SEO plugin. -->","yoast_head_json":{"title":"Platos Elaborados - Concabeza Madriz Taberna: Aut\u00e9ntica Cocina Espa\u00f1ola","robots":{"index":"index","follow":"follow","max-snippet":"max-snippet:-1","max-image-preview":"max-image-preview:large","max-video-preview":"max-video-preview:-1"},"canonical":"https:\/\/concabezamadriztaberna.com\/en\/platos-elaborados\/","og_locale":"en_GB","og_type":"article","og_title":"Platos Elaborados - Concabeza Madriz Taberna: Aut\u00e9ntica Cocina Espa\u00f1ola","og_url":"https:\/\/concabezamadriztaberna.com\/en\/platos-elaborados\/","og_site_name":"Concabeza Madriz Taberna: Aut\u00e9ntica Cocina Espa\u00f1ola","article_modified_time":"2026-03-18T10:48:16+00:00","twitter_card":"summary_large_image","schema":{"@context":"https:\/\/schema.org","@graph":[{"@type":"WebPage","@id":"https:\/\/concabezamadriztaberna.com\/platos-elaborados\/","url":"https:\/\/concabezamadriztaberna.com\/platos-elaborados\/","name":"Platos Elaborados - Concabeza Madriz Taberna: Aut\u00e9ntica Cocina Espa\u00f1ola","isPartOf":{"@id":"https:\/\/concabezamadriztaberna.com\/#website"},"datePublished":"2026-03-18T10:48:11+00:00","dateModified":"2026-03-18T10:48:16+00:00","breadcrumb":{"@id":"https:\/\/concabezamadriztaberna.com\/platos-elaborados\/#breadcrumb"},"inLanguage":"en-GB","potentialAction":[{"@type":"ReadAction","target":["https:\/\/concabezamadriztaberna.com\/platos-elaborados\/"]}]},{"@type":"BreadcrumbList","@id":"https:\/\/concabezamadriztaberna.com\/platos-elaborados\/#breadcrumb","itemListElement":[{"@type":"ListItem","position":1,"name":"Portada","item":"https:\/\/concabezamadriztaberna.com\/"},{"@type":"ListItem","position":2,"name":"Platos Elaborados"}]},{"@type":"WebSite","@id":"https:\/\/concabezamadriztaberna.com\/#website","url":"https:\/\/concabezamadriztaberna.com\/","name":"Concabeza Madriz Taberna: Aut\u00e9ntica Cocina Espa\u00f1ola","description":"","potentialAction":[{"@type":"SearchAction","target":{"@type":"EntryPoint","urlTemplate":"https:\/\/concabezamadriztaberna.com\/?s={search_term_string}"},"query-input":{"@type":"PropertyValueSpecification","valueRequired":true,"valueName":"search_term_string"}}],"inLanguage":"en-GB"}]}},"_links":{"self":[{"href":"https:\/\/concabezamadriztaberna.com\/en\/wp-json\/wp\/v2\/pages\/181","targetHints":{"allow":["GET"]}}],"collection":[{"href":"https:\/\/concabezamadriztaberna.com\/en\/wp-json\/wp\/v2\/pages"}],"about":[{"href":"https:\/\/concabezamadriztaberna.com\/en\/wp-json\/wp\/v2\/types\/page"}],"replies":[{"embeddable":true,"href":"https:\/\/concabezamadriztaberna.com\/en\/wp-json\/wp\/v2\/comments?post=181"}],"version-history":[{"count":0,"href":"https:\/\/concabezamadriztaberna.com\/en\/wp-json\/wp\/v2\/pages\/181\/revisions"}],"wp:attachment":[{"href":"https:\/\/concabezamadriztaberna.com\/en\/wp-json\/wp\/v2\/media?parent=181"}],"curies":[{"name":"wp","href":"https:\/\/api.w.org\/{rel}","templated":true}]}}