{"id":180,"date":"2026-03-18T10:48:11","date_gmt":"2026-03-18T10:48:11","guid":{"rendered":"https:\/\/concabezamadriztaberna.com\/embutidos-y-quesos-estilo-deli\/"},"modified":"2026-03-18T10:48:16","modified_gmt":"2026-03-18T10:48:16","slug":"embutidos-y-quesos-estilo-deli","status":"publish","type":"page","link":"https:\/\/concabezamadriztaberna.com\/en\/embutidos-y-quesos-estilo-deli\/","title":{"rendered":"Embutidos y Quesos Estilo Deli"},"content":{"rendered":"\t\t<div data-elementor-type=\"wp-page\" data-elementor-id=\"180\" class=\"elementor elementor-180\">\n\t\t\t\t<div class=\"elementor-element elementor-element-qo8p1600 twbb_section twbb_full_h e-con-boxed e-flex e-con e-parent\" data-id=\"qo8p1600\" data-element_type=\"container\" id=\"hero-section-of-the-page-for-service-delistyle-cold-cuts-and-cheeses\" data-settings=\"{&quot;background_background&quot;:&quot;classic&quot;,&quot;background_motion_fx_motion_fx_scrolling&quot;:&quot;yes&quot;,&quot;background_motion_fx_scale_effect&quot;:&quot;yes&quot;,&quot;background_motion_fx_scale_speed&quot;:{&quot;unit&quot;:&quot;px&quot;,&quot;size&quot;:7,&quot;sizes&quot;:[]},&quot;background_motion_fx_scale_direction&quot;:&quot;out-in&quot;,&quot;background_motion_fx_scale_range&quot;:{&quot;unit&quot;:&quot;%&quot;,&quot;size&quot;:&quot;&quot;,&quot;sizes&quot;:{&quot;start&quot;:20,&quot;end&quot;:80}},&quot;background_motion_fx_devices&quot;:[&quot;desktop&quot;,&quot;tablet&quot;,&quot;mobile&quot;]}\">\n\t\t\t\t\t<div class=\"e-con-inner\">\n\t\t\t\t<div class=\"elementor-element elementor-element-hv237i9t elementor-widget__width-initial elementor-widget-mobile__width-inherit elementor-widget-tablet__width-initial twbb-headline--style-highlight elementor-widget elementor-widget-twbbanimated-headline\" data-id=\"hv237i9t\" data-element_type=\"widget\" data-settings=\"{&quot;highlighted_text&quot;:&quot;embutidos de la mejor calidad&quot;,&quot;marker&quot;:&quot;underline_zigzag&quot;,&quot;headline_style&quot;:&quot;highlight&quot;}\" data-widget_type=\"twbbanimated-headline.default\">\n\t\t\t\t<div class=\"elementor-widget-container\">\n\t\t\t\t\t    <h1 class=\"twbb-headline\">\n          <span class=\"twbb-headline-plain-text twbb-headline-text-wrapper\">Disfrute de nuestros <\/span>\n        <span class=\"twbb-headline-dynamic-wrapper twbb-headline-text-wrapper\"><\/span>\n          <span class=\"twbb-headline-plain-text twbb-headline-text-wrapper\"> y quesos<\/span>\n        <\/h1>\n    \t\t\t\t<\/div>\n\t\t\t\t<\/div>\n\t\t\t\t<div class=\"elementor-element elementor-element-9u37asne elementor-widget__width-initial elementor-widget-mobile__width-inherit elementor-widget-tablet__width-initial elementor-invisible elementor-widget elementor-widget-text-editor\" data-id=\"9u37asne\" data-element_type=\"widget\" data-settings=\"{&quot;_animation&quot;:&quot;fadeInUp&quot;}\" data-widget_type=\"text-editor.default\">\n\t\t\t\t\t\t\t\t\tEn ConCabezaTavern, saboree una amplia selecci\u00f3n de embutidos y quesos estilo deli, disponibles al peso. Perfectos para disfrutar en nuestro entorno tradicional o para llevar y crear su propia experiencia culinaria. Obtenemos solo los mejores productos para un sabor aut\u00e9ntico.\t\t\t\t\t\t\t\t<\/div>\n\t\t<div class=\"elementor-element elementor-element-tkakk5nm e-con-full e-flex e-con e-parent\" data-id=\"tkakk5nm\" data-element_type=\"container\">\n\t\t\t\t<div class=\"elementor-element elementor-element-4c4uykwz elementor-align-right elementor-mobile-align-center elementor-widget elementor-widget-button\" data-id=\"4c4uykwz\" data-element_type=\"widget\" data-widget_type=\"button.default\">\n\t\t\t\t\t\t\t\t\t\t<a class=\"elementor-button elementor-button-link elementor-size-sm\" href=\"#cold-cuts-cheeses\">\n\t\t\t\t\t\t<span class=\"elementor-button-content-wrapper\">\n\t\t\t\t\t\t\t\t\t<span class=\"elementor-button-text\">Ver Detalles<\/span>\n\t\t\t\t\t<\/span>\n\t\t\t\t\t<\/a>\n\t\t\t\t\t\t\t\t<\/div>\n\t\t\t\t<div class=\"elementor-element elementor-element-a1530bhi elementor-align-left elementor-mobile-align-center elementor-widget elementor-widget-button\" data-id=\"a1530bhi\" data-element_type=\"widget\" data-widget_type=\"button.default\">\n\t\t\t\t\t\t\t\t\t\t<a class=\"elementor-button elementor-button-link elementor-size-sm\" href=\"https:\/\/concabezamadriztaberna.com\/carta\/\/\">\n\t\t\t\t\t\t<span class=\"elementor-button-content-wrapper\">\n\t\t\t\t\t\t\t\t\t<span class=\"elementor-button-text\">Ver Men\u00fa<\/span>\n\t\t\t\t\t<\/span>\n\t\t\t\t\t<\/a>\n\t\t\t\t\t\t\t\t<\/div>\n\t\t\t\t<\/div>\n\t\t\t\t\t<\/div>\n\t\t\t\t<\/div>\n\t\t<div class=\"elementor-element elementor-element-k7apagls twbb_section e-con-boxed e-flex e-con e-parent\" data-id=\"k7apagls\" data-element_type=\"container\" id=\"details-section-of-the-page-for-service-delistyle-cold-cuts-and-cheeses\">\n\t\t\t\t\t<div class=\"e-con-inner\">\n\t\t<div class=\"elementor-element elementor-element-muw98y4o e-con-full e-flex e-con e-parent\" data-id=\"muw98y4o\" data-element_type=\"container\">\n\t\t\t\t<div class=\"elementor-element elementor-element-maftfsn7 elementor-widget__width-initial elementor-widget-mobile__width-inherit elementor-widget-tablet__width-initial elementor-invisible elementor-widget elementor-widget-heading\" data-id=\"maftfsn7\" data-element_type=\"widget\" data-settings=\"{&quot;_animation&quot;:&quot;fadeInUp&quot;}\" data-widget_type=\"heading.default\">\n\t\t\t\t\t<h2 class=\"elementor-heading-title elementor-size-default\">\u00bfPor Qu\u00e9 Elegir Nuestros Embutidos y Quesos?<\/h2>\t\t\t\t<\/div>\n\t\t\t\t<div class=\"elementor-element elementor-element-kya025aw elementor-widget__width-initial elementor-widget-mobile__width-inherit elementor-widget-tablet__width-initial elementor-invisible elementor-widget elementor-widget-text-editor\" data-id=\"kya025aw\" data-element_type=\"widget\" data-settings=\"{&quot;_animation&quot;:&quot;fadeInUp&quot;}\" data-widget_type=\"text-editor.default\">\n\t\t\t\t\t\t\t\t\tDescubra el sabor aut\u00e9ntico de nuestra selecci\u00f3n cuidadosamente elegida de embutidos y quesos, provenientes de proveedores de confianza. Ya sea que prefiera comer aqu\u00ed o llevar, disfrute de nuestros sabores tradicionales elaborados con ingredientes de alta calidad, perfectos para compartir o para un capricho personal.\t\t\t\t\t\t\t\t<\/div>\n\t\t\t\t<\/div>\n\t\t\t\t<div class=\"elementor-element elementor-element-cfr2d8fr elementor-widget__width-initial elementor-widget-mobile__width-inherit elementor-widget-tablet__width-initial elementor-widget elementor-widget-image\" data-id=\"cfr2d8fr\" data-element_type=\"widget\" data-widget_type=\"image.default\">\n\t\t\t\t\t\t\t\t\t\t\t\t\t\t\t<img fetchpriority=\"high\" decoding=\"async\" width=\"1024\" height=\"576\" src=\"https:\/\/concabezamadriztaberna.com\/wp-content\/uploads\/2026\/03\/tenweb_media_ssgxbmpeb.webp\" class=\"attachment-full size-full wp-image-145\" alt=\"\" srcset=\"https:\/\/concabezamadriztaberna.com\/wp-content\/uploads\/2026\/03\/tenweb_media_ssgxbmpeb.webp 1024w, https:\/\/concabezamadriztaberna.com\/wp-content\/uploads\/2026\/03\/tenweb_media_ssgxbmpeb-768x432.webp 768w\" sizes=\"(max-width: 1024px) 100vw, 1024px\" \/>\t\t\t\t\t\t\t\t\t\t\t\t\t\t\t<\/div>\n\t\t\t\t\t<\/div>\n\t\t\t\t<\/div>\n\t\t\t\t<\/div>\n\t\t","protected":false},"excerpt":{"rendered":"","protected":false},"author":0,"featured_media":0,"parent":0,"menu_order":0,"comment_status":"closed","ping_status":"publish","template":"","meta":{"footnotes":""},"class_list":["post-180","page","type-page","status-publish","hentry"],"yoast_head":"<!-- This site is optimized with the Yoast SEO plugin v27.2 - https:\/\/yoast.com\/product\/yoast-seo-wordpress\/ -->\n<title>Embutidos y Quesos Estilo Deli - Concabeza Madriz Taberna: Aut\u00e9ntica Cocina Espa\u00f1ola<\/title>\n<meta name=\"robots\" content=\"index, follow, max-snippet:-1, max-image-preview:large, max-video-preview:-1\" \/>\n<link rel=\"canonical\" href=\"https:\/\/concabezamadriztaberna.com\/en\/embutidos-y-quesos-estilo-deli\/\" \/>\n<meta property=\"og:locale\" content=\"en_GB\" \/>\n<meta property=\"og:type\" content=\"article\" \/>\n<meta property=\"og:title\" content=\"Embutidos y Quesos Estilo Deli - Concabeza Madriz Taberna: Aut\u00e9ntica Cocina Espa\u00f1ola\" \/>\n<meta property=\"og:url\" content=\"https:\/\/concabezamadriztaberna.com\/en\/embutidos-y-quesos-estilo-deli\/\" \/>\n<meta property=\"og:site_name\" content=\"Concabeza Madriz Taberna: Aut\u00e9ntica Cocina Espa\u00f1ola\" \/>\n<meta property=\"article:modified_time\" content=\"2026-03-18T10:48:16+00:00\" \/>\n<meta name=\"twitter:card\" content=\"summary_large_image\" \/>\n<script type=\"application\/ld+json\" class=\"yoast-schema-graph\">{\"@context\":\"https:\/\/schema.org\",\"@graph\":[{\"@type\":\"WebPage\",\"@id\":\"https:\/\/concabezamadriztaberna.com\/embutidos-y-quesos-estilo-deli\/\",\"url\":\"https:\/\/concabezamadriztaberna.com\/embutidos-y-quesos-estilo-deli\/\",\"name\":\"Embutidos y Quesos Estilo Deli - Concabeza Madriz Taberna: Aut\u00e9ntica Cocina Espa\u00f1ola\",\"isPartOf\":{\"@id\":\"https:\/\/concabezamadriztaberna.com\/#website\"},\"datePublished\":\"2026-03-18T10:48:11+00:00\",\"dateModified\":\"2026-03-18T10:48:16+00:00\",\"breadcrumb\":{\"@id\":\"https:\/\/concabezamadriztaberna.com\/embutidos-y-quesos-estilo-deli\/#breadcrumb\"},\"inLanguage\":\"en-GB\",\"potentialAction\":[{\"@type\":\"ReadAction\",\"target\":[\"https:\/\/concabezamadriztaberna.com\/embutidos-y-quesos-estilo-deli\/\"]}]},{\"@type\":\"BreadcrumbList\",\"@id\":\"https:\/\/concabezamadriztaberna.com\/embutidos-y-quesos-estilo-deli\/#breadcrumb\",\"itemListElement\":[{\"@type\":\"ListItem\",\"position\":1,\"name\":\"Portada\",\"item\":\"https:\/\/concabezamadriztaberna.com\/\"},{\"@type\":\"ListItem\",\"position\":2,\"name\":\"Embutidos y Quesos Estilo Deli\"}]},{\"@type\":\"WebSite\",\"@id\":\"https:\/\/concabezamadriztaberna.com\/#website\",\"url\":\"https:\/\/concabezamadriztaberna.com\/\",\"name\":\"Concabeza Madriz Taberna: Aut\u00e9ntica Cocina Espa\u00f1ola\",\"description\":\"\",\"potentialAction\":[{\"@type\":\"SearchAction\",\"target\":{\"@type\":\"EntryPoint\",\"urlTemplate\":\"https:\/\/concabezamadriztaberna.com\/?s={search_term_string}\"},\"query-input\":{\"@type\":\"PropertyValueSpecification\",\"valueRequired\":true,\"valueName\":\"search_term_string\"}}],\"inLanguage\":\"en-GB\"}]}<\/script>\n<!-- \/ Yoast SEO plugin. -->","yoast_head_json":{"title":"Embutidos y Quesos Estilo Deli - Concabeza Madriz Taberna: Aut\u00e9ntica Cocina Espa\u00f1ola","robots":{"index":"index","follow":"follow","max-snippet":"max-snippet:-1","max-image-preview":"max-image-preview:large","max-video-preview":"max-video-preview:-1"},"canonical":"https:\/\/concabezamadriztaberna.com\/en\/embutidos-y-quesos-estilo-deli\/","og_locale":"en_GB","og_type":"article","og_title":"Embutidos y Quesos Estilo Deli - Concabeza Madriz Taberna: Aut\u00e9ntica Cocina Espa\u00f1ola","og_url":"https:\/\/concabezamadriztaberna.com\/en\/embutidos-y-quesos-estilo-deli\/","og_site_name":"Concabeza Madriz Taberna: Aut\u00e9ntica Cocina Espa\u00f1ola","article_modified_time":"2026-03-18T10:48:16+00:00","twitter_card":"summary_large_image","schema":{"@context":"https:\/\/schema.org","@graph":[{"@type":"WebPage","@id":"https:\/\/concabezamadriztaberna.com\/embutidos-y-quesos-estilo-deli\/","url":"https:\/\/concabezamadriztaberna.com\/embutidos-y-quesos-estilo-deli\/","name":"Embutidos y Quesos Estilo Deli - Concabeza Madriz Taberna: Aut\u00e9ntica Cocina Espa\u00f1ola","isPartOf":{"@id":"https:\/\/concabezamadriztaberna.com\/#website"},"datePublished":"2026-03-18T10:48:11+00:00","dateModified":"2026-03-18T10:48:16+00:00","breadcrumb":{"@id":"https:\/\/concabezamadriztaberna.com\/embutidos-y-quesos-estilo-deli\/#breadcrumb"},"inLanguage":"en-GB","potentialAction":[{"@type":"ReadAction","target":["https:\/\/concabezamadriztaberna.com\/embutidos-y-quesos-estilo-deli\/"]}]},{"@type":"BreadcrumbList","@id":"https:\/\/concabezamadriztaberna.com\/embutidos-y-quesos-estilo-deli\/#breadcrumb","itemListElement":[{"@type":"ListItem","position":1,"name":"Portada","item":"https:\/\/concabezamadriztaberna.com\/"},{"@type":"ListItem","position":2,"name":"Embutidos y Quesos Estilo Deli"}]},{"@type":"WebSite","@id":"https:\/\/concabezamadriztaberna.com\/#website","url":"https:\/\/concabezamadriztaberna.com\/","name":"Concabeza Madriz Taberna: Aut\u00e9ntica Cocina Espa\u00f1ola","description":"","potentialAction":[{"@type":"SearchAction","target":{"@type":"EntryPoint","urlTemplate":"https:\/\/concabezamadriztaberna.com\/?s={search_term_string}"},"query-input":{"@type":"PropertyValueSpecification","valueRequired":true,"valueName":"search_term_string"}}],"inLanguage":"en-GB"}]}},"_links":{"self":[{"href":"https:\/\/concabezamadriztaberna.com\/en\/wp-json\/wp\/v2\/pages\/180","targetHints":{"allow":["GET"]}}],"collection":[{"href":"https:\/\/concabezamadriztaberna.com\/en\/wp-json\/wp\/v2\/pages"}],"about":[{"href":"https:\/\/concabezamadriztaberna.com\/en\/wp-json\/wp\/v2\/types\/page"}],"replies":[{"embeddable":true,"href":"https:\/\/concabezamadriztaberna.com\/en\/wp-json\/wp\/v2\/comments?post=180"}],"version-history":[{"count":0,"href":"https:\/\/concabezamadriztaberna.com\/en\/wp-json\/wp\/v2\/pages\/180\/revisions"}],"wp:attachment":[{"href":"https:\/\/concabezamadriztaberna.com\/en\/wp-json\/wp\/v2\/media?parent=180"}],"curies":[{"name":"wp","href":"https:\/\/api.w.org\/{rel}","templated":true}]}}