{"id":178,"date":"2026-03-18T10:48:11","date_gmt":"2026-03-18T10:48:11","guid":{"rendered":"https:\/\/concabezamadriztaberna.com\/terminos-y-condiciones\/"},"modified":"2026-03-18T10:48:16","modified_gmt":"2026-03-18T10:48:16","slug":"terminos-y-condiciones","status":"publish","type":"page","link":"https:\/\/concabezamadriztaberna.com\/en\/terminos-y-condiciones\/","title":{"rendered":"T\u00e9rminos y Condiciones"},"content":{"rendered":"\t\t<div data-elementor-type=\"wp-page\" data-elementor-id=\"178\" class=\"elementor elementor-178\">\n\t\t\t\t<div class=\"elementor-element elementor-element-x5wk02gj twbb_section e-con-boxed e-flex e-con e-parent\" data-id=\"x5wk02gj\" data-element_type=\"container\">\n\t\t\t\t\t<div class=\"e-con-inner\">\n\t\t\t\t<div class=\"elementor-element elementor-element-361o3csd elementor-widget__width-initial elementor-widget-mobile__width-inherit elementor-widget-tablet__width-initial elementor-invisible elementor-widget elementor-widget-heading\" data-id=\"361o3csd\" data-element_type=\"widget\" data-settings=\"{&quot;_animation&quot;:&quot;fadeInUp&quot;}\" data-widget_type=\"heading.default\">\n\t\t\t\t\t<h1 class=\"elementor-heading-title elementor-size-default\">T\u00e9rminos y Condiciones<\/h1>\t\t\t\t<\/div>\n\t\t\t\t\t<\/div>\n\t\t\t\t<\/div>\n\t\t<div class=\"elementor-element elementor-element-vvidji2m twbb_section e-con-boxed e-flex e-con e-parent\" data-id=\"vvidji2m\" data-element_type=\"container\">\n\t\t\t\t\t<div class=\"e-con-inner\">\n\t\t\t\t<div class=\"elementor-element elementor-element-lsmkdwhy elementor-widget__width-initial elementor-widget-mobile__width-inherit elementor-widget-tablet__width-initial elementor-invisible elementor-widget elementor-widget-text-editor\" data-id=\"lsmkdwhy\" data-element_type=\"widget\" data-settings=\"{&quot;_animation&quot;:&quot;fadeInUp&quot;}\" data-widget_type=\"text-editor.default\">\n\t\t\t\t\t\t\t\t\t<p>\u00a1Bienvenido a ConCabezaTavern! Estos t\u00e9rminos y condiciones describen las reglas y regulaciones para el uso de nuestro sitio web y servicios. Al acceder a este sitio web y utilizar nuestros servicios, usted acepta estos t\u00e9rminos y condiciones en su totalidad. Si no est\u00e1 de acuerdo con estos t\u00e9rminos y condiciones o con alguna parte de estos t\u00e9rminos y condiciones, no debe utilizar este sitio web.<\/p>\n\n<p><b>1. Definiciones<\/b><\/p>\n<p>En estos t\u00e9rminos y condiciones:<\/p>\n<ul>\n    <li>\u00abNosotros\u00bb, \u00abNuestro\/a\/os\/as\u00bb se refiere a ConCabezaTavern.<\/li>\n    <li>\u00abUsted\u00bb, \u00abSu\/s\u00bb se refiere al usuario o cliente de nuestro sitio web y servicios.<\/li>\n    <li>\u00abServicios\u00bb se refiere a los servicios de taberna estilo delicatessen, incluyendo la venta de embutidos, quesos y platos preparados para consumo en el local o para llevar.<\/li>\n    <li>\u00abSitio Web\u00bb se refiere al sitio web de ConCabezaTavern.<\/li>\n<\/ul>\n\n<p><b>2. Uso del Sitio Web<\/b><\/p>\n<p>Debe utilizar nuestro sitio web solo para fines legales. No debe utilizar nuestro sitio web de ninguna manera que infrinja cualquier ley o regulaci\u00f3n local, nacional o internacional aplicable.<\/p>\n\n<p><b>3. Servicios Ofrecidos<\/b><\/p>\n<p>Ofrecemos un servicio de taberna estilo delicatessen donde puede comprar embutidos, quesos y platos cuidadosamente preparados. Estos productos est\u00e1n disponibles para consumo en el local o para llevar. Nos esforzamos por proporcionar productos y servicios de alta calidad, garantizando la satisfacci\u00f3n del cliente.<\/p>\n\n<p><b>4. Pedidos y Pago<\/b><\/p>\n<p>Al realizar un pedido, usted acepta que todos los detalles que nos proporciona son verdaderos y precisos. El precio de cualquier producto o servicio ser\u00e1 el que se muestra en nuestro sitio web o se le comunica en el momento de realizar el pedido. El pago debe realizarse en su totalidad en el momento de la compra, ya sea en el local o a trav\u00e9s de nuestro sistema de pago en l\u00ednea, si est\u00e1 disponible.<\/p>\n\n<p><b>5. Cancelaci\u00f3n y Reembolsos<\/b><\/p>\n<p>Los pedidos para llevar se pueden cancelar dentro de un plazo razonable antes de que comience la preparaci\u00f3n. Una vez que la preparaci\u00f3n ha comenzado, la cancelaci\u00f3n puede no ser posible. Los reembolsos se proporcionan a nuestra discreci\u00f3n, dependiendo de las circunstancias de la cancelaci\u00f3n o el problema. Para los servicios en el local, las cancelaciones o cambios en los pedidos deben comunicarse lo antes posible.<\/p>\n\n<p><b>6. Propiedad Intelectual<\/b><\/p>\n<p>El contenido, el dise\u00f1o, los datos, los gr\u00e1ficos y las im\u00e1genes de este sitio web est\u00e1n protegidos por las leyes de propiedad intelectual y son propiedad de ConCabezaTavern o de nuestros licenciantes. No puede reproducir, duplicar, copiar, vender o explotar ninguna parte del sitio web sin nuestro permiso expreso por escrito.<\/p>\n\n<p><b>7. Limitaci\u00f3n de Responsabilidad<\/b><\/p>\n<p>En la medida m\u00e1xima permitida por la ley, ConCabezaTavern no ser\u00e1 responsable de ning\u00fan da\u00f1o directo, indirecto, incidental, especial o consecuente que resulte del uso o la imposibilidad de usar nuestro sitio web o servicios. Esto incluye, entre otros, los da\u00f1os por p\u00e9rdida de ganancias, datos u otras p\u00e9rdidas intangibles, incluso si se nos ha informado de la posibilidad de tales da\u00f1os.<\/p>\n\n<p><b>8. Descargo de Responsabilidad<\/b><\/p>\n<p>La informaci\u00f3n proporcionada en nuestro sitio web es solo para fines informativos generales. No hacemos representaciones ni garant\u00edas de ning\u00fan tipo, expresas o impl\u00edcitas, sobre la integridad, exactitud, fiabilidad, idoneidad o disponibilidad con respecto al sitio web o la informaci\u00f3n, los productos, los servicios o los gr\u00e1ficos relacionados contenidos en el sitio web para ning\u00fan prop\u00f3sito. Por lo tanto, cualquier confianza que deposite en dicha informaci\u00f3n es estrictamente bajo su propio riesgo.<\/p>\n\n<p><b>9. Pol\u00edtica de Privacidad<\/b><\/p>\n<p>Su privacidad es importante para nosotros. Consulte nuestra Pol\u00edtica de Privacidad, que se incorpora a estos t\u00e9rminos y condiciones por referencia, para comprender nuestras pr\u00e1cticas con respecto a la recopilaci\u00f3n, el uso y la protecci\u00f3n de su informaci\u00f3n personal.<\/p>\n\n<p><b>10. Ley Aplicable<\/b><\/p>\n<p>Estos t\u00e9rminos y condiciones se regir\u00e1n e interpretar\u00e1n de acuerdo con las leyes de la jurisdicci\u00f3n en la que se encuentra ConCabezaTavern, sin tener en cuenta sus disposiciones sobre conflicto de leyes.<\/p>\n\n<p><b>11. Cambios en los T\u00e9rminos y Condiciones<\/b><\/p>\n<p>Nos reservamos el derecho de modificar o reemplazar estos t\u00e9rminos y condiciones en cualquier momento. Cualquier cambio ser\u00e1 efectivo inmediatamente despu\u00e9s de su publicaci\u00f3n en nuestro sitio web. Su uso continuado del sitio web despu\u00e9s de cualquier cambio constituye su aceptaci\u00f3n de los nuevos t\u00e9rminos y condiciones.<\/p>\n\n<p><b>12. Informaci\u00f3n de Contacto<\/b><\/p>\n<p>Si tiene alguna pregunta sobre estos t\u00e9rminos y condiciones, p\u00f3ngase en contacto con nosotros en:<\/p>\n<p>ConCabezaTavern<br\/>[Direcci\u00f3n]<br\/>[N\u00famero de Tel\u00e9fono]<br\/>[Direcci\u00f3n de Correo Electr\u00f3nico]<\/p>\t\t\t\t\t\t\t\t<\/div>\n\t\t\t\t\t<\/div>\n\t\t\t\t<\/div>\n\t\t\t\t<\/div>\n\t\t","protected":false},"excerpt":{"rendered":"","protected":false},"author":0,"featured_media":0,"parent":0,"menu_order":0,"comment_status":"closed","ping_status":"publish","template":"","meta":{"footnotes":""},"class_list":["post-178","page","type-page","status-publish","hentry"],"yoast_head":"<!-- This site is optimized with the Yoast SEO plugin v27.2 - https:\/\/yoast.com\/product\/yoast-seo-wordpress\/ -->\n<title>T\u00e9rminos y Condiciones - Concabeza Madriz Taberna: Aut\u00e9ntica Cocina Espa\u00f1ola<\/title>\n<meta name=\"robots\" content=\"index, follow, max-snippet:-1, max-image-preview:large, max-video-preview:-1\" \/>\n<link rel=\"canonical\" href=\"https:\/\/concabezamadriztaberna.com\/en\/terminos-y-condiciones\/\" \/>\n<meta property=\"og:locale\" content=\"en_GB\" \/>\n<meta property=\"og:type\" content=\"article\" \/>\n<meta property=\"og:title\" content=\"T\u00e9rminos y Condiciones - Concabeza Madriz Taberna: Aut\u00e9ntica Cocina Espa\u00f1ola\" \/>\n<meta property=\"og:url\" content=\"https:\/\/concabezamadriztaberna.com\/en\/terminos-y-condiciones\/\" \/>\n<meta property=\"og:site_name\" content=\"Concabeza Madriz Taberna: Aut\u00e9ntica Cocina Espa\u00f1ola\" \/>\n<meta property=\"article:modified_time\" content=\"2026-03-18T10:48:16+00:00\" \/>\n<meta name=\"twitter:card\" content=\"summary_large_image\" \/>\n<script type=\"application\/ld+json\" class=\"yoast-schema-graph\">{\"@context\":\"https:\/\/schema.org\",\"@graph\":[{\"@type\":\"WebPage\",\"@id\":\"https:\/\/concabezamadriztaberna.com\/terminos-y-condiciones\/\",\"url\":\"https:\/\/concabezamadriztaberna.com\/terminos-y-condiciones\/\",\"name\":\"T\u00e9rminos y Condiciones - Concabeza Madriz Taberna: Aut\u00e9ntica Cocina Espa\u00f1ola\",\"isPartOf\":{\"@id\":\"https:\/\/concabezamadriztaberna.com\/#website\"},\"datePublished\":\"2026-03-18T10:48:11+00:00\",\"dateModified\":\"2026-03-18T10:48:16+00:00\",\"breadcrumb\":{\"@id\":\"https:\/\/concabezamadriztaberna.com\/terminos-y-condiciones\/#breadcrumb\"},\"inLanguage\":\"en-GB\",\"potentialAction\":[{\"@type\":\"ReadAction\",\"target\":[\"https:\/\/concabezamadriztaberna.com\/terminos-y-condiciones\/\"]}]},{\"@type\":\"BreadcrumbList\",\"@id\":\"https:\/\/concabezamadriztaberna.com\/terminos-y-condiciones\/#breadcrumb\",\"itemListElement\":[{\"@type\":\"ListItem\",\"position\":1,\"name\":\"Portada\",\"item\":\"https:\/\/concabezamadriztaberna.com\/\"},{\"@type\":\"ListItem\",\"position\":2,\"name\":\"T\u00e9rminos y Condiciones\"}]},{\"@type\":\"WebSite\",\"@id\":\"https:\/\/concabezamadriztaberna.com\/#website\",\"url\":\"https:\/\/concabezamadriztaberna.com\/\",\"name\":\"Concabeza Madriz Taberna: Aut\u00e9ntica Cocina Espa\u00f1ola\",\"description\":\"\",\"potentialAction\":[{\"@type\":\"SearchAction\",\"target\":{\"@type\":\"EntryPoint\",\"urlTemplate\":\"https:\/\/concabezamadriztaberna.com\/?s={search_term_string}\"},\"query-input\":{\"@type\":\"PropertyValueSpecification\",\"valueRequired\":true,\"valueName\":\"search_term_string\"}}],\"inLanguage\":\"en-GB\"}]}<\/script>\n<!-- \/ Yoast SEO plugin. -->","yoast_head_json":{"title":"T\u00e9rminos y Condiciones - Concabeza Madriz Taberna: Aut\u00e9ntica Cocina Espa\u00f1ola","robots":{"index":"index","follow":"follow","max-snippet":"max-snippet:-1","max-image-preview":"max-image-preview:large","max-video-preview":"max-video-preview:-1"},"canonical":"https:\/\/concabezamadriztaberna.com\/en\/terminos-y-condiciones\/","og_locale":"en_GB","og_type":"article","og_title":"T\u00e9rminos y Condiciones - Concabeza Madriz Taberna: Aut\u00e9ntica Cocina Espa\u00f1ola","og_url":"https:\/\/concabezamadriztaberna.com\/en\/terminos-y-condiciones\/","og_site_name":"Concabeza Madriz Taberna: Aut\u00e9ntica Cocina Espa\u00f1ola","article_modified_time":"2026-03-18T10:48:16+00:00","twitter_card":"summary_large_image","schema":{"@context":"https:\/\/schema.org","@graph":[{"@type":"WebPage","@id":"https:\/\/concabezamadriztaberna.com\/terminos-y-condiciones\/","url":"https:\/\/concabezamadriztaberna.com\/terminos-y-condiciones\/","name":"T\u00e9rminos y Condiciones - Concabeza Madriz Taberna: Aut\u00e9ntica Cocina Espa\u00f1ola","isPartOf":{"@id":"https:\/\/concabezamadriztaberna.com\/#website"},"datePublished":"2026-03-18T10:48:11+00:00","dateModified":"2026-03-18T10:48:16+00:00","breadcrumb":{"@id":"https:\/\/concabezamadriztaberna.com\/terminos-y-condiciones\/#breadcrumb"},"inLanguage":"en-GB","potentialAction":[{"@type":"ReadAction","target":["https:\/\/concabezamadriztaberna.com\/terminos-y-condiciones\/"]}]},{"@type":"BreadcrumbList","@id":"https:\/\/concabezamadriztaberna.com\/terminos-y-condiciones\/#breadcrumb","itemListElement":[{"@type":"ListItem","position":1,"name":"Portada","item":"https:\/\/concabezamadriztaberna.com\/"},{"@type":"ListItem","position":2,"name":"T\u00e9rminos y Condiciones"}]},{"@type":"WebSite","@id":"https:\/\/concabezamadriztaberna.com\/#website","url":"https:\/\/concabezamadriztaberna.com\/","name":"Concabeza Madriz Taberna: Aut\u00e9ntica Cocina Espa\u00f1ola","description":"","potentialAction":[{"@type":"SearchAction","target":{"@type":"EntryPoint","urlTemplate":"https:\/\/concabezamadriztaberna.com\/?s={search_term_string}"},"query-input":{"@type":"PropertyValueSpecification","valueRequired":true,"valueName":"search_term_string"}}],"inLanguage":"en-GB"}]}},"_links":{"self":[{"href":"https:\/\/concabezamadriztaberna.com\/en\/wp-json\/wp\/v2\/pages\/178","targetHints":{"allow":["GET"]}}],"collection":[{"href":"https:\/\/concabezamadriztaberna.com\/en\/wp-json\/wp\/v2\/pages"}],"about":[{"href":"https:\/\/concabezamadriztaberna.com\/en\/wp-json\/wp\/v2\/types\/page"}],"replies":[{"embeddable":true,"href":"https:\/\/concabezamadriztaberna.com\/en\/wp-json\/wp\/v2\/comments?post=178"}],"version-history":[{"count":0,"href":"https:\/\/concabezamadriztaberna.com\/en\/wp-json\/wp\/v2\/pages\/178\/revisions"}],"wp:attachment":[{"href":"https:\/\/concabezamadriztaberna.com\/en\/wp-json\/wp\/v2\/media?parent=178"}],"curies":[{"name":"wp","href":"https:\/\/api.w.org\/{rel}","templated":true}]}}